{"id":2998,"date":"2022-10-24T14:03:21","date_gmt":"2022-10-24T12:03:21","guid":{"rendered":"https:\/\/ecole.bzh\/mont-tre-dar-pourveziou-kehentin\/"},"modified":"2025-04-03T10:18:44","modified_gmt":"2025-04-03T08:18:44","slug":"mont-tre-dafar-kehentin","status":"publish","type":"page","link":"https:\/\/ecole.bzh\/br-fr\/mont-tre-dafar-kehentin\/","title":{"rendered":"Mont tre d&#8217;ar pourvezio\u00f9 kehenti\u00f1"},"content":{"rendered":"\t\t<div data-elementor-type=\"wp-page\" data-elementor-id=\"2998\" class=\"elementor elementor-2998 elementor-2828\" data-elementor-post-type=\"page\">\n\t\t\t\t\t\t\t\t\t<section class=\"elementor-section elementor-top-section elementor-element elementor-element-f2aee0d elementor-section-height-min-height elementor-section-content-top elementor-section-full_width elementor-section-height-default elementor-section-items-middle\" data-id=\"f2aee0d\" data-element_type=\"section\" data-settings=\"{&quot;background_background&quot;:&quot;classic&quot;}\">\n\t\t\t\t\t\t<div class=\"elementor-container elementor-column-gap-no\">\n\t\t\t\t\t<div class=\"elementor-column elementor-col-100 elementor-top-column elementor-element elementor-element-5b41136\" data-id=\"5b41136\" data-element_type=\"column\" data-settings=\"{&quot;background_background&quot;:&quot;classic&quot;}\">\n\t\t\t<div class=\"elementor-widget-wrap elementor-element-populated\">\n\t\t\t\t\t\t\t\t<div class=\"elementor-element elementor-element-01b4875 elementor-widget elementor-widget-spacer\" data-id=\"01b4875\" data-element_type=\"widget\" data-widget_type=\"spacer.default\">\n\t\t\t\t<div class=\"elementor-widget-container\">\n\t\t\t<style>\/*! elementor - v3.16.0 - 09-10-2023 *\/\n.elementor-column .elementor-spacer-inner{height:var(--spacer-size)}.e-con{--container-widget-width:100%}.e-con-inner>.elementor-widget-spacer,.e-con>.elementor-widget-spacer{width:var(--container-widget-width,var(--spacer-size));--align-self:var(--container-widget-align-self,initial);--flex-shrink:0}.e-con-inner>.elementor-widget-spacer>.elementor-widget-container,.e-con>.elementor-widget-spacer>.elementor-widget-container{height:100%;width:100%}.e-con-inner>.elementor-widget-spacer>.elementor-widget-container>.elementor-spacer,.e-con>.elementor-widget-spacer>.elementor-widget-container>.elementor-spacer{height:100%}.e-con-inner>.elementor-widget-spacer>.elementor-widget-container>.elementor-spacer>.elementor-spacer-inner,.e-con>.elementor-widget-spacer>.elementor-widget-container>.elementor-spacer>.elementor-spacer-inner{height:var(--container-widget-height,var(--spacer-size))}.e-con-inner>.elementor-widget-spacer.elementor-widget-empty,.e-con>.elementor-widget-spacer.elementor-widget-empty{position:relative;min-height:22px;min-width:22px}.e-con-inner>.elementor-widget-spacer.elementor-widget-empty .elementor-widget-empty-icon,.e-con>.elementor-widget-spacer.elementor-widget-empty .elementor-widget-empty-icon{position:absolute;top:0;bottom:0;left:0;right:0;margin:auto;padding:0;width:22px;height:22px}<\/style>\t\t<div class=\"elementor-spacer\">\n\t\t\t<div class=\"elementor-spacer-inner\"><\/div>\n\t\t<\/div>\n\t\t\t\t<\/div>\n\t\t\t\t<\/div>\n\t\t\t\t<div class=\"elementor-element elementor-element-1f9b828 elementor-absolute elementor-view-default elementor-widget elementor-widget-icon\" data-id=\"1f9b828\" data-element_type=\"widget\" data-settings=\"{&quot;_position&quot;:&quot;absolute&quot;}\" data-widget_type=\"icon.default\">\n\t\t\t\t<div class=\"elementor-widget-container\">\n\t\t\t\t\t<div class=\"elementor-icon-wrapper\">\n\t\t\t<div class=\"elementor-icon\">\n\t\t\t<svg xmlns=\"http:\/\/www.w3.org\/2000\/svg\" xmlns:xlink=\"http:\/\/www.w3.org\/1999\/xlink\" id=\"Calque_1\" x=\"0px\" y=\"0px\" viewBox=\"0 0 500 500\" style=\"enable-background:new 0 0 500 500;\" xml:space=\"preserve\"><style type=\"text\/css\">\t.st0{fill:#FFFFFF;}<\/style><path class=\"st0\" d=\"M350.7,182.9l31.8,57.3c13.4,24.2-4.1,54-31.8,54l0,0c-27.7,0-45.2-29.8-31.8-54L350.7,182.9z\"><\/path><path class=\"st0\" d=\"M152.3,294.1c-27.7,0-45.2-29.8-31.8-54l31.8-57.3l31.8,57.3C197.5,264.4,180,294.1,152.3,294.1z\"><\/path><path class=\"st0\" d=\"M251.5,294.1l-31.8-57.3c-13.4-24.2,4.1-54,31.8-54s45.2,29.8,31.8,54L251.5,294.1z\"><\/path><\/svg>\t\t\t<\/div>\n\t\t<\/div>\n\t\t\t\t<\/div>\n\t\t\t\t<\/div>\n\t\t\t\t\t<\/div>\n\t\t<\/div>\n\t\t\t\t\t\t\t<\/div>\n\t\t<\/section>\n\t\t\t\t<section class=\"elementor-section elementor-top-section elementor-element elementor-element-6afa690 elementor-section-boxed elementor-section-height-default elementor-section-height-default\" data-id=\"6afa690\" data-element_type=\"section\">\n\t\t\t\t\t\t<div class=\"elementor-container elementor-column-gap-default\">\n\t\t\t\t\t<div class=\"elementor-column elementor-col-100 elementor-top-column elementor-element elementor-element-dc2eee8\" data-id=\"dc2eee8\" data-element_type=\"column\">\n\t\t\t<div class=\"elementor-widget-wrap elementor-element-populated\">\n\t\t\t\t\t\t\t\t<div class=\"elementor-element elementor-element-3900211 elementor-widget__width-initial elementor-widget elementor-widget-breadcrumbs\" data-id=\"3900211\" data-element_type=\"widget\" data-widget_type=\"breadcrumbs.default\">\n\t\t\t\t<div class=\"elementor-widget-container\">\n\t\t\t<link rel=\"stylesheet\" href=\"https:\/\/ecole.bzh\/wp-content\/plugins\/elementor-pro\/assets\/css\/widget-theme-elements.min.css\"><p id=\"breadcrumbs\"><span><span><a href=\"https:\/\/ecole.bzh\/br-fr\/\">Accueil<\/a><\/span><\/span><\/p>\t\t<\/div>\n\t\t\t\t<\/div>\n\t\t\t\t\t<\/div>\n\t\t<\/div>\n\t\t\t\t\t\t\t<\/div>\n\t\t<\/section>\n\t\t\t\t<section class=\"elementor-section elementor-top-section elementor-element elementor-element-08c7e91 elementor-section-boxed elementor-section-height-default elementor-section-height-default\" data-id=\"08c7e91\" data-element_type=\"section\" data-settings=\"{&quot;background_background&quot;:&quot;classic&quot;}\">\n\t\t\t\t\t\t<div class=\"elementor-container elementor-column-gap-default\">\n\t\t\t\t\t<div class=\"elementor-column elementor-col-100 elementor-top-column elementor-element elementor-element-e286cb6\" data-id=\"e286cb6\" data-element_type=\"column\">\n\t\t\t<div class=\"elementor-widget-wrap elementor-element-populated\">\n\t\t\t\t\t\t\t\t<div class=\"elementor-element elementor-element-b7aeeda elementor-widget elementor-widget-heading\" data-id=\"b7aeeda\" data-element_type=\"widget\" data-widget_type=\"heading.default\">\n\t\t\t\t<div class=\"elementor-widget-container\">\n\t\t\t<style>\/*! elementor - v3.16.0 - 09-10-2023 *\/\n.elementor-heading-title{padding:0;margin:0;line-height:1}.elementor-widget-heading .elementor-heading-title[class*=elementor-size-]>a{color:inherit;font-size:inherit;line-height:inherit}.elementor-widget-heading .elementor-heading-title.elementor-size-small{font-size:15px}.elementor-widget-heading .elementor-heading-title.elementor-size-medium{font-size:19px}.elementor-widget-heading .elementor-heading-title.elementor-size-large{font-size:29px}.elementor-widget-heading .elementor-heading-title.elementor-size-xl{font-size:39px}.elementor-widget-heading .elementor-heading-title.elementor-size-xxl{font-size:59px}<\/style><h1 class=\"elementor-heading-title elementor-size-default\">Pourvezio\u00f9 kehenti\u00f1<\/h1>\t\t<\/div>\n\t\t\t\t<\/div>\n\t\t\t\t<div class=\"elementor-element elementor-element-a3c6bb6 elementor-widget elementor-widget-text-editor\" data-id=\"a3c6bb6\" data-element_type=\"widget\" data-widget_type=\"text-editor.default\">\n\t\t\t\t<div class=\"elementor-widget-container\">\n\t\t\t<style>\/*! elementor - v3.16.0 - 09-10-2023 *\/\n.elementor-widget-text-editor.elementor-drop-cap-view-stacked .elementor-drop-cap{background-color:#69727d;color:#fff}.elementor-widget-text-editor.elementor-drop-cap-view-framed .elementor-drop-cap{color:#69727d;border:3px solid;background-color:transparent}.elementor-widget-text-editor:not(.elementor-drop-cap-view-default) .elementor-drop-cap{margin-top:8px}.elementor-widget-text-editor:not(.elementor-drop-cap-view-default) .elementor-drop-cap-letter{width:1em;height:1em}.elementor-widget-text-editor .elementor-drop-cap{float:left;text-align:center;line-height:1;font-size:50px}.elementor-widget-text-editor .elementor-drop-cap-letter{display:inline-block}<\/style>\t\t\t\t<p>Kerent skolidi? Kelenner\u00b7ez? Meret e vez ur skol ganeoc&#8217;h? Kavet-e vez ama\u00f1 pourvezio\u00f9, dafar kehenti\u00f1 evit sikour ac&#8217;hanoc&#8217;h da gehenti\u00f1 gant ar c&#8217;houlzad ecole.bzh.<\/p>\n\t\t\t\t\t\t<\/div>\n\t\t\t\t<\/div>\n\t\t\t\t<div class=\"elementor-element elementor-element-0ff47ba elementor-widget elementor-widget-heading\" data-id=\"0ff47ba\" data-element_type=\"widget\" data-widget_type=\"heading.default\">\n\t\t\t\t<div class=\"elementor-widget-container\">\n\t\t\t<h2 class=\"elementor-heading-title elementor-size-default\">Skrivit ho ker-tremen evit bout aotreet da sellet enno<\/h2>\t\t<\/div>\n\t\t\t\t<\/div>\n\t\t\t\t\t<\/div>\n\t\t<\/div>\n\t\t\t\t\t\t\t<\/div>\n\t\t<\/section>\n\t\t\t\t<section class=\"elementor-section elementor-top-section elementor-element elementor-element-12af020 elementor-section-boxed elementor-section-height-default elementor-section-height-default\" data-id=\"12af020\" data-element_type=\"section\" data-settings=\"{&quot;background_background&quot;:&quot;classic&quot;}\">\n\t\t\t\t\t\t<div class=\"elementor-container elementor-column-gap-default\">\n\t\t\t\t\t<div class=\"elementor-column elementor-col-100 elementor-top-column elementor-element elementor-element-242d773\" data-id=\"242d773\" data-element_type=\"column\" data-settings=\"{&quot;background_background&quot;:&quot;classic&quot;}\">\n\t\t\t<div class=\"elementor-widget-wrap elementor-element-populated\">\n\t\t\t\t\t\t\t\t<div class=\"elementor-element elementor-element-4dd077a elementor-widget elementor-widget-html\" data-id=\"4dd077a\" data-element_type=\"widget\" data-widget_type=\"html.default\">\n\t\t\t\t<div class=\"elementor-widget-container\">\n\t\t\t<div class=\"elementor-widget-wrap elementor-element-populated\">\n<div class=\"elementor-element elementor-element-a9d3ef7 elementor-search-form--skin-classic elementor-search-form--button-type-icon animated bounceIn\" data-id=\"a9d3ef7\" data-element_type=\"widget\" data-settings=\"{\"_animation\":\"bounceIn\",\"skin\":\"classic\"}\" data-widget_type=\"search-form.default\">\n<div class=\"elementor-widget-container\">\n            <link rel=\"stylesheet\" href=\"\/wp-content\/plugins\/elementor-pro\/assets\/css\/widget-theme-elements.min.css\">\n<form class=\"elementor-search-form\" role=\"search\" action=\"\/espace-ressources\/\" method=\"post\">\n<div class=\"elementor-search-form__container password-container\">\n                    <input placeholder=\"Ger-tremen\" class=\"elementor-search-form__input\" type=\"password\" name=\"ressource_password\" id=\"ressource_password\" title=\"klask \" value=\"\"><br \/>\n                    <img decoding=\"async\" src=\"https:\/\/cdn-icons-png.flaticon.com\/512\/709\/709612.png\" alt=\"Diskouez\" class=\"eye-icon\" id=\"togglePassword\"><br \/>\n                    <button class=\"elementor-search-form__submit\" type=\"submit\" title=\"Mont tre\" aria-label=\"Entrer\"><br \/>\n                        <span class=\"elementor-screen-only\">Mont tre<\/span><br \/>\n                    <\/button>\n                <\/div>\n<\/p><\/form>\n<\/p><\/div>\n<\/p><\/div>\n<\/div>\n<p><script>\n    document.getElementById(\"togglePassword\").addEventListener(\"click\", function () {\n        let passwordField = document.getElementById(\"ressource_password\");\n        if (passwordField.type === \"password\") {\n            passwordField.type = \"text\";\n            this.src = \"https:\/\/ecole.bzh\/wp-content\/themes\/ecole\/assets\/img\/4855030.png\"; \/\/ Ic\u00f4ne \"\u0153il barr\u00e9\"\n        } else {\n            passwordField.type = \"password\";\n            this.src = \"https:\/\/ecole.bzh\/wp-content\/themes\/ecole\/assets\/img\/4855030.png\"; \/\/ Ic\u00f4ne \"\u0153il ouvert\"\n        }\n    });\n<\/script><\/p>\n\t\t<\/div>\n\t\t\t\t<\/div>\n\t\t\t\t<div class=\"elementor-element elementor-element-dab100f elementor-widget elementor-widget-shortcode\" data-id=\"dab100f\" data-element_type=\"widget\" data-widget_type=\"shortcode.default\">\n\t\t\t\t<div class=\"elementor-widget-container\">\n\t\t\t\t\t<div class=\"elementor-shortcode\"><\/div>\n\t\t\t\t<\/div>\n\t\t\t\t<\/div>\n\t\t\t\t\t<\/div>\n\t\t<\/div>\n\t\t\t\t\t\t\t<\/div>\n\t\t<\/section>\n\t\t\t\t\t\t\t<\/div>\n\t\t","protected":false},"excerpt":{"rendered":"<p>Pourvezio\u00f9 kehenti\u00f1 Kerent skolidi? Kelenner\u00b7ez? Meret e vez ur skol ganeoc&#8217;h? Kavet-e vez ama\u00f1 pourvezio\u00f9, dafar kehenti\u00f1 evit sikour ac&#8217;hanoc&#8217;h da gehenti\u00f1 gant ar c&#8217;houlzad ecole.bzh. Skrivit ho ker-tremen evit bout aotreet da sellet enno Mont tre<\/p>\n","protected":false},"author":1,"featured_media":0,"parent":0,"menu_order":0,"comment_status":"closed","ping_status":"closed","template":"","meta":{"footnotes":""},"acf":[],"yoast_head":"<!-- This site is optimized with the Yoast SEO plugin v21.5 - https:\/\/yoast.com\/wordpress\/plugins\/seo\/ -->\n<title>Mont tre d&#039;ar pourvezio\u00f9 kehenti\u00f1 - Ecole.bzh<\/title>\n<meta name=\"robots\" content=\"index, follow, max-snippet:-1, max-image-preview:large, max-video-preview:-1\" \/>\n<link rel=\"canonical\" href=\"https:\/\/ecole.bzh\/br-fr\/mont-tre-dafar-kehentin\/\" \/>\n<meta property=\"og:locale\" content=\"br_FR\" \/>\n<meta property=\"og:type\" content=\"article\" \/>\n<meta property=\"og:title\" content=\"Mont tre d&#039;ar pourvezio\u00f9 kehenti\u00f1 - Ecole.bzh\" \/>\n<meta property=\"og:description\" content=\"Pourvezio\u00f9 kehenti\u00f1 Kerent skolidi? Kelenner\u00b7ez? Meret e vez ur skol ganeoc&#8217;h? Kavet-e vez ama\u00f1 pourvezio\u00f9, dafar kehenti\u00f1 evit sikour ac&#8217;hanoc&#8217;h da gehenti\u00f1 gant ar c&#8217;houlzad ecole.bzh. Skrivit ho ker-tremen evit bout aotreet da sellet enno Mont tre\" \/>\n<meta property=\"og:url\" content=\"https:\/\/ecole.bzh\/br-fr\/mont-tre-dafar-kehentin\/\" \/>\n<meta property=\"og:site_name\" content=\"Ecole.bzh\" \/>\n<meta property=\"article:publisher\" content=\"https:\/\/www.facebook.com\/ecole.bzh\/\" \/>\n<meta property=\"article:modified_time\" content=\"2025-04-03T08:18:44+00:00\" \/>\n<meta property=\"og:image\" content=\"https:\/\/cdn-icons-png.flaticon.com\/512\/709\/709612.png\" \/>\n<meta name=\"twitter:card\" content=\"summary_large_image\" \/>\n<meta name=\"twitter:site\" content=\"@ecolebzh\" \/>\n<meta name=\"twitter:label1\" content=\"Est. reading time\" \/>\n\t<meta name=\"twitter:data1\" content=\"1 minute\" \/>\n<script type=\"application\/ld+json\" class=\"yoast-schema-graph\">{\"@context\":\"https:\/\/schema.org\",\"@graph\":[{\"@type\":\"WebPage\",\"@id\":\"https:\/\/ecole.bzh\/br-fr\/mont-tre-dafar-kehentin\/\",\"url\":\"https:\/\/ecole.bzh\/br-fr\/mont-tre-dafar-kehentin\/\",\"name\":\"Mont tre d'ar pourvezio\u00f9 kehenti\u00f1 - Ecole.bzh\",\"isPartOf\":{\"@id\":\"https:\/\/ecole.bzh\/br-fr\/#website\"},\"datePublished\":\"2022-10-24T12:03:21+00:00\",\"dateModified\":\"2025-04-03T08:18:44+00:00\",\"breadcrumb\":{\"@id\":\"https:\/\/ecole.bzh\/br-fr\/mont-tre-dafar-kehentin\/#breadcrumb\"},\"inLanguage\":\"br-FR\",\"potentialAction\":[{\"@type\":\"ReadAction\",\"target\":[\"https:\/\/ecole.bzh\/br-fr\/mont-tre-dafar-kehentin\/\"]}]},{\"@type\":\"BreadcrumbList\",\"@id\":\"https:\/\/ecole.bzh\/br-fr\/mont-tre-dafar-kehentin\/#breadcrumb\",\"itemListElement\":[{\"@type\":\"ListItem\",\"position\":1,\"name\":\"Accueil\",\"item\":\"https:\/\/ecole.bzh\/br-fr\/\"},{\"@type\":\"ListItem\",\"position\":2,\"name\":\"Mont tre d&#8217;ar pourvezio\u00f9 kehenti\u00f1\"}]},{\"@type\":\"WebSite\",\"@id\":\"https:\/\/ecole.bzh\/br-fr\/#website\",\"url\":\"https:\/\/ecole.bzh\/br-fr\/\",\"name\":\"Ecole.bzh\",\"description\":\"L&#039;\u00e9cole en breton\",\"publisher\":{\"@id\":\"https:\/\/ecole.bzh\/br-fr\/#organization\"},\"potentialAction\":[{\"@type\":\"SearchAction\",\"target\":{\"@type\":\"EntryPoint\",\"urlTemplate\":\"https:\/\/ecole.bzh\/br-fr\/?s={search_term_string}\"},\"query-input\":\"required name=search_term_string\"}],\"inLanguage\":\"br-FR\"},{\"@type\":\"Organization\",\"@id\":\"https:\/\/ecole.bzh\/br-fr\/#organization\",\"name\":\"ecole.bzh\",\"url\":\"https:\/\/ecole.bzh\/br-fr\/\",\"logo\":{\"@type\":\"ImageObject\",\"inLanguage\":\"br-FR\",\"@id\":\"https:\/\/ecole.bzh\/br-fr\/#\/schema\/logo\/image\/\",\"url\":\"https:\/\/ecole.bzh\/wp-content\/uploads\/2022\/03\/ecole_logoiconebaseline.png\",\"contentUrl\":\"https:\/\/ecole.bzh\/wp-content\/uploads\/2022\/03\/ecole_logoiconebaseline.png\",\"width\":1525,\"height\":329,\"caption\":\"ecole.bzh\"},\"image\":{\"@id\":\"https:\/\/ecole.bzh\/br-fr\/#\/schema\/logo\/image\/\"},\"sameAs\":[\"https:\/\/www.facebook.com\/ecole.bzh\/\",\"https:\/\/twitter.com\/ecolebzh\",\"https:\/\/www.instagram.com\/ecole.bzh\/\",\"https:\/\/www.youtube.com\/channel\/UCNXbX1ZdR1ipL_Q_QiMziFQ\"]}]}<\/script>\n<!-- \/ Yoast SEO plugin. -->","yoast_head_json":{"title":"Mont tre d'ar pourvezio\u00f9 kehenti\u00f1 - Ecole.bzh","robots":{"index":"index","follow":"follow","max-snippet":"max-snippet:-1","max-image-preview":"max-image-preview:large","max-video-preview":"max-video-preview:-1"},"canonical":"https:\/\/ecole.bzh\/br-fr\/mont-tre-dafar-kehentin\/","og_locale":"br_FR","og_type":"article","og_title":"Mont tre d'ar pourvezio\u00f9 kehenti\u00f1 - Ecole.bzh","og_description":"Pourvezio\u00f9 kehenti\u00f1 Kerent skolidi? Kelenner\u00b7ez? Meret e vez ur skol ganeoc&#8217;h? Kavet-e vez ama\u00f1 pourvezio\u00f9, dafar kehenti\u00f1 evit sikour ac&#8217;hanoc&#8217;h da gehenti\u00f1 gant ar c&#8217;houlzad ecole.bzh. Skrivit ho ker-tremen evit bout aotreet da sellet enno Mont tre","og_url":"https:\/\/ecole.bzh\/br-fr\/mont-tre-dafar-kehentin\/","og_site_name":"Ecole.bzh","article_publisher":"https:\/\/www.facebook.com\/ecole.bzh\/","article_modified_time":"2025-04-03T08:18:44+00:00","og_image":[{"url":"https:\/\/cdn-icons-png.flaticon.com\/512\/709\/709612.png"}],"twitter_card":"summary_large_image","twitter_site":"@ecolebzh","twitter_misc":{"Est. reading time":"1 minute"},"schema":{"@context":"https:\/\/schema.org","@graph":[{"@type":"WebPage","@id":"https:\/\/ecole.bzh\/br-fr\/mont-tre-dafar-kehentin\/","url":"https:\/\/ecole.bzh\/br-fr\/mont-tre-dafar-kehentin\/","name":"Mont tre d'ar pourvezio\u00f9 kehenti\u00f1 - Ecole.bzh","isPartOf":{"@id":"https:\/\/ecole.bzh\/br-fr\/#website"},"datePublished":"2022-10-24T12:03:21+00:00","dateModified":"2025-04-03T08:18:44+00:00","breadcrumb":{"@id":"https:\/\/ecole.bzh\/br-fr\/mont-tre-dafar-kehentin\/#breadcrumb"},"inLanguage":"br-FR","potentialAction":[{"@type":"ReadAction","target":["https:\/\/ecole.bzh\/br-fr\/mont-tre-dafar-kehentin\/"]}]},{"@type":"BreadcrumbList","@id":"https:\/\/ecole.bzh\/br-fr\/mont-tre-dafar-kehentin\/#breadcrumb","itemListElement":[{"@type":"ListItem","position":1,"name":"Accueil","item":"https:\/\/ecole.bzh\/br-fr\/"},{"@type":"ListItem","position":2,"name":"Mont tre d&#8217;ar pourvezio\u00f9 kehenti\u00f1"}]},{"@type":"WebSite","@id":"https:\/\/ecole.bzh\/br-fr\/#website","url":"https:\/\/ecole.bzh\/br-fr\/","name":"Ecole.bzh","description":"L&#039;\u00e9cole en breton","publisher":{"@id":"https:\/\/ecole.bzh\/br-fr\/#organization"},"potentialAction":[{"@type":"SearchAction","target":{"@type":"EntryPoint","urlTemplate":"https:\/\/ecole.bzh\/br-fr\/?s={search_term_string}"},"query-input":"required name=search_term_string"}],"inLanguage":"br-FR"},{"@type":"Organization","@id":"https:\/\/ecole.bzh\/br-fr\/#organization","name":"ecole.bzh","url":"https:\/\/ecole.bzh\/br-fr\/","logo":{"@type":"ImageObject","inLanguage":"br-FR","@id":"https:\/\/ecole.bzh\/br-fr\/#\/schema\/logo\/image\/","url":"https:\/\/ecole.bzh\/wp-content\/uploads\/2022\/03\/ecole_logoiconebaseline.png","contentUrl":"https:\/\/ecole.bzh\/wp-content\/uploads\/2022\/03\/ecole_logoiconebaseline.png","width":1525,"height":329,"caption":"ecole.bzh"},"image":{"@id":"https:\/\/ecole.bzh\/br-fr\/#\/schema\/logo\/image\/"},"sameAs":["https:\/\/www.facebook.com\/ecole.bzh\/","https:\/\/twitter.com\/ecolebzh","https:\/\/www.instagram.com\/ecole.bzh\/","https:\/\/www.youtube.com\/channel\/UCNXbX1ZdR1ipL_Q_QiMziFQ"]}]}},"_links":{"self":[{"href":"https:\/\/ecole.bzh\/br-fr\/wp-json\/wp\/v2\/pages\/2998"}],"collection":[{"href":"https:\/\/ecole.bzh\/br-fr\/wp-json\/wp\/v2\/pages"}],"about":[{"href":"https:\/\/ecole.bzh\/br-fr\/wp-json\/wp\/v2\/types\/page"}],"author":[{"embeddable":true,"href":"https:\/\/ecole.bzh\/br-fr\/wp-json\/wp\/v2\/users\/1"}],"replies":[{"embeddable":true,"href":"https:\/\/ecole.bzh\/br-fr\/wp-json\/wp\/v2\/comments?post=2998"}],"version-history":[{"count":22,"href":"https:\/\/ecole.bzh\/br-fr\/wp-json\/wp\/v2\/pages\/2998\/revisions"}],"predecessor-version":[{"id":4040,"href":"https:\/\/ecole.bzh\/br-fr\/wp-json\/wp\/v2\/pages\/2998\/revisions\/4040"}],"wp:attachment":[{"href":"https:\/\/ecole.bzh\/br-fr\/wp-json\/wp\/v2\/media?parent=2998"}],"curies":[{"name":"wp","href":"https:\/\/api.w.org\/{rel}","templated":true}]}}