{"id":1945,"date":"2022-05-25T14:50:50","date_gmt":"2022-05-25T12:50:50","guid":{"rendered":"https:\/\/ecole.bzh\/menegou-lezenel\/"},"modified":"2022-07-13T14:19:46","modified_gmt":"2022-07-13T12:19:46","slug":"menegou-lezenel","status":"publish","type":"page","link":"https:\/\/ecole.bzh\/br-fr\/menegou-lezenel\/","title":{"rendered":"Menego\u00f9 lezenel"},"content":{"rendered":"\n<h5 class=\"wp-block-heading\">EMBANNER AL LEC&#8217;HIENN<\/h5>\n\n<p>Mignoned ar brezhoneg, association Loi 1901 d\u00e9clar\u00e9e \u00e0 la Pr\u00e9fecture du Morbihan le lundi 30 septembre 2013. R.N.A. : W563004742. N\u00b0 embann : 20130041 ; embannet an 12 aviz here 2013 ; n\u00b0 d\u2019annonce : 957. SIRET : 80955099900019.<br\/>Rener an embann : Renan KERBIQUET (prezidant ar gevredigezh)<\/p>\n\n<h5 class=\"wp-block-heading\">MEIZEREZH ERGONOMEK &amp; GRAFEK HA DIORROADUR<\/h5>\n\n<p>Mignoned gant Digilium SARL<\/p>\n\n<h5 class=\"wp-block-heading\">HERBERC&#8217;H<\/h5>\n\n<p>Digilium &#8211; 10 Rue de Penthi\u00e8vre, 75008, Paris, France.<\/p>\n\n<h5 class=\"wp-block-heading\">MEZIANT<\/h5>\n\n<p><a href=\"https:\/\/fr.wordpress.org\/\" target=\"_blank\" rel=\"noreferrer noopener\">WordPress<\/a>, CMS en open-source sous licence <em>GNU GPL version 2<\/em>.<\/p>\n\n<h5 class=\"wp-block-heading\">PERC&#8217;HENTIEZH SPERED<\/h5>\n\n<p>Les \u00e9l\u00e9ments figurant au sein du pr\u00e9sent Site, tels que sons, images, photographies, vid\u00e9os, animations, \u00e9crits, programmes, charte graphique, bases de donn\u00e9es, logiciels, utilitaires, sont prot\u00e9g\u00e9s par les dispositions du Code de la propri\u00e9t\u00e9 intellectuelle et appartiennent \u00e0 Mignoned ar brezhoneg.<\/p>\n\n<p>L\u2019utilisateur s\u2019interdit de porter atteinte aux droits de propri\u00e9t\u00e9 intellectuelle aff\u00e9rents \u00e0 ces \u00e9l\u00e9ments et notamment de les reproduire, repr\u00e9senter, modifier, adapter, traduire, d\u2019en extraire et\/ou r\u00e9utiliser une partie qualitativement ou quantitativement substantielle, \u00e0 l\u2019exclusion des actes n\u00e9cessaires \u00e0 leur usage normal et conforme.<\/p>\n\n<p>Important : les logotypes, marques et marques d\u00e9pos\u00e9es sont la propri\u00e9t\u00e9 de leurs d\u00e9tenteurs.<\/p>\n","protected":false},"excerpt":{"rendered":"<p>EMBANNER AL LEC&#8217;HIENN Mignoned ar brezhoneg, association Loi 1901 d\u00e9clar\u00e9e \u00e0 la Pr\u00e9fecture du Morbihan le lundi 30 septembre 2013. R.N.A. : W563004742. N\u00b0 embann : 20130041 ; embannet an 12 aviz here 2013 ; n\u00b0 d\u2019annonce : 957. SIRET : 80955099900019.Rener an embann : Renan KERBIQUET (prezidant ar gevredigezh) MEIZEREZH ERGONOMEK &amp; GRAFEK HA [&hellip;]<\/p>\n","protected":false},"author":1,"featured_media":0,"parent":0,"menu_order":0,"comment_status":"closed","ping_status":"closed","template":"","meta":{"footnotes":""},"acf":[],"yoast_head":"<!-- This site is optimized with the Yoast SEO plugin v21.5 - https:\/\/yoast.com\/wordpress\/plugins\/seo\/ -->\n<title>Menego\u00f9 lezenel - Ecole.bzh<\/title>\n<meta name=\"robots\" content=\"noindex, follow\" \/>\n<meta property=\"og:locale\" content=\"br_FR\" \/>\n<meta property=\"og:type\" content=\"article\" \/>\n<meta property=\"og:title\" content=\"Menego\u00f9 lezenel - Ecole.bzh\" \/>\n<meta property=\"og:description\" content=\"EMBANNER AL LEC&#8217;HIENN Mignoned ar brezhoneg, association Loi 1901 d\u00e9clar\u00e9e \u00e0 la Pr\u00e9fecture du Morbihan le lundi 30 septembre 2013. R.N.A. : W563004742. N\u00b0 embann : 20130041 ; embannet an 12 aviz here 2013 ; n\u00b0 d\u2019annonce : 957. SIRET : 80955099900019.Rener an embann : Renan KERBIQUET (prezidant ar gevredigezh) MEIZEREZH ERGONOMEK &amp; GRAFEK HA [&hellip;]\" \/>\n<meta property=\"og:url\" content=\"https:\/\/ecole.bzh\/br-fr\/menegou-lezenel\/\" \/>\n<meta property=\"og:site_name\" content=\"Ecole.bzh\" \/>\n<meta property=\"article:publisher\" content=\"https:\/\/www.facebook.com\/ecole.bzh\/\" \/>\n<meta property=\"article:modified_time\" content=\"2022-07-13T12:19:46+00:00\" \/>\n<meta property=\"og:image\" content=\"https:\/\/ecole.bzh\/wp-content\/uploads\/2022\/03\/ecole_logoiconebaseline.png\" \/>\n\t<meta property=\"og:image:width\" content=\"1525\" \/>\n\t<meta property=\"og:image:height\" content=\"329\" \/>\n\t<meta property=\"og:image:type\" content=\"image\/png\" \/>\n<meta name=\"twitter:card\" content=\"summary_large_image\" \/>\n<meta name=\"twitter:site\" content=\"@ecolebzh\" \/>\n<meta name=\"twitter:label1\" content=\"Est. reading time\" \/>\n\t<meta name=\"twitter:data1\" content=\"1 minute\" \/>\n<script type=\"application\/ld+json\" class=\"yoast-schema-graph\">{\"@context\":\"https:\/\/schema.org\",\"@graph\":[{\"@type\":\"WebPage\",\"@id\":\"https:\/\/ecole.bzh\/br-fr\/menegou-lezenel\/\",\"url\":\"https:\/\/ecole.bzh\/br-fr\/menegou-lezenel\/\",\"name\":\"Menego\u00f9 lezenel - Ecole.bzh\",\"isPartOf\":{\"@id\":\"https:\/\/ecole.bzh\/br-fr\/#website\"},\"datePublished\":\"2022-05-25T12:50:50+00:00\",\"dateModified\":\"2022-07-13T12:19:46+00:00\",\"breadcrumb\":{\"@id\":\"https:\/\/ecole.bzh\/br-fr\/menegou-lezenel\/#breadcrumb\"},\"inLanguage\":\"br-FR\",\"potentialAction\":[{\"@type\":\"ReadAction\",\"target\":[\"https:\/\/ecole.bzh\/br-fr\/menegou-lezenel\/\"]}]},{\"@type\":\"BreadcrumbList\",\"@id\":\"https:\/\/ecole.bzh\/br-fr\/menegou-lezenel\/#breadcrumb\",\"itemListElement\":[{\"@type\":\"ListItem\",\"position\":1,\"name\":\"Accueil\",\"item\":\"https:\/\/ecole.bzh\/br-fr\/\"},{\"@type\":\"ListItem\",\"position\":2,\"name\":\"Menego\u00f9 lezenel\"}]},{\"@type\":\"WebSite\",\"@id\":\"https:\/\/ecole.bzh\/br-fr\/#website\",\"url\":\"https:\/\/ecole.bzh\/br-fr\/\",\"name\":\"Ecole.bzh\",\"description\":\"L&#039;\u00e9cole en breton\",\"publisher\":{\"@id\":\"https:\/\/ecole.bzh\/br-fr\/#organization\"},\"potentialAction\":[{\"@type\":\"SearchAction\",\"target\":{\"@type\":\"EntryPoint\",\"urlTemplate\":\"https:\/\/ecole.bzh\/br-fr\/?s={search_term_string}\"},\"query-input\":\"required name=search_term_string\"}],\"inLanguage\":\"br-FR\"},{\"@type\":\"Organization\",\"@id\":\"https:\/\/ecole.bzh\/br-fr\/#organization\",\"name\":\"ecole.bzh\",\"url\":\"https:\/\/ecole.bzh\/br-fr\/\",\"logo\":{\"@type\":\"ImageObject\",\"inLanguage\":\"br-FR\",\"@id\":\"https:\/\/ecole.bzh\/br-fr\/#\/schema\/logo\/image\/\",\"url\":\"https:\/\/ecole.bzh\/wp-content\/uploads\/2022\/03\/ecole_logoiconebaseline.png\",\"contentUrl\":\"https:\/\/ecole.bzh\/wp-content\/uploads\/2022\/03\/ecole_logoiconebaseline.png\",\"width\":1525,\"height\":329,\"caption\":\"ecole.bzh\"},\"image\":{\"@id\":\"https:\/\/ecole.bzh\/br-fr\/#\/schema\/logo\/image\/\"},\"sameAs\":[\"https:\/\/www.facebook.com\/ecole.bzh\/\",\"https:\/\/twitter.com\/ecolebzh\",\"https:\/\/www.instagram.com\/ecole.bzh\/\",\"https:\/\/www.youtube.com\/channel\/UCNXbX1ZdR1ipL_Q_QiMziFQ\"]}]}<\/script>\n<!-- \/ Yoast SEO plugin. -->","yoast_head_json":{"title":"Menego\u00f9 lezenel - Ecole.bzh","robots":{"index":"noindex","follow":"follow"},"og_locale":"br_FR","og_type":"article","og_title":"Menego\u00f9 lezenel - Ecole.bzh","og_description":"EMBANNER AL LEC&#8217;HIENN Mignoned ar brezhoneg, association Loi 1901 d\u00e9clar\u00e9e \u00e0 la Pr\u00e9fecture du Morbihan le lundi 30 septembre 2013. R.N.A. : W563004742. N\u00b0 embann : 20130041 ; embannet an 12 aviz here 2013 ; n\u00b0 d\u2019annonce : 957. SIRET : 80955099900019.Rener an embann : Renan KERBIQUET (prezidant ar gevredigezh) MEIZEREZH ERGONOMEK &amp; GRAFEK HA [&hellip;]","og_url":"https:\/\/ecole.bzh\/br-fr\/menegou-lezenel\/","og_site_name":"Ecole.bzh","article_publisher":"https:\/\/www.facebook.com\/ecole.bzh\/","article_modified_time":"2022-07-13T12:19:46+00:00","og_image":[{"width":1525,"height":329,"url":"https:\/\/ecole.bzh\/wp-content\/uploads\/2022\/03\/ecole_logoiconebaseline.png","type":"image\/png"}],"twitter_card":"summary_large_image","twitter_site":"@ecolebzh","twitter_misc":{"Est. reading time":"1 minute"},"schema":{"@context":"https:\/\/schema.org","@graph":[{"@type":"WebPage","@id":"https:\/\/ecole.bzh\/br-fr\/menegou-lezenel\/","url":"https:\/\/ecole.bzh\/br-fr\/menegou-lezenel\/","name":"Menego\u00f9 lezenel - Ecole.bzh","isPartOf":{"@id":"https:\/\/ecole.bzh\/br-fr\/#website"},"datePublished":"2022-05-25T12:50:50+00:00","dateModified":"2022-07-13T12:19:46+00:00","breadcrumb":{"@id":"https:\/\/ecole.bzh\/br-fr\/menegou-lezenel\/#breadcrumb"},"inLanguage":"br-FR","potentialAction":[{"@type":"ReadAction","target":["https:\/\/ecole.bzh\/br-fr\/menegou-lezenel\/"]}]},{"@type":"BreadcrumbList","@id":"https:\/\/ecole.bzh\/br-fr\/menegou-lezenel\/#breadcrumb","itemListElement":[{"@type":"ListItem","position":1,"name":"Accueil","item":"https:\/\/ecole.bzh\/br-fr\/"},{"@type":"ListItem","position":2,"name":"Menego\u00f9 lezenel"}]},{"@type":"WebSite","@id":"https:\/\/ecole.bzh\/br-fr\/#website","url":"https:\/\/ecole.bzh\/br-fr\/","name":"Ecole.bzh","description":"L&#039;\u00e9cole en breton","publisher":{"@id":"https:\/\/ecole.bzh\/br-fr\/#organization"},"potentialAction":[{"@type":"SearchAction","target":{"@type":"EntryPoint","urlTemplate":"https:\/\/ecole.bzh\/br-fr\/?s={search_term_string}"},"query-input":"required name=search_term_string"}],"inLanguage":"br-FR"},{"@type":"Organization","@id":"https:\/\/ecole.bzh\/br-fr\/#organization","name":"ecole.bzh","url":"https:\/\/ecole.bzh\/br-fr\/","logo":{"@type":"ImageObject","inLanguage":"br-FR","@id":"https:\/\/ecole.bzh\/br-fr\/#\/schema\/logo\/image\/","url":"https:\/\/ecole.bzh\/wp-content\/uploads\/2022\/03\/ecole_logoiconebaseline.png","contentUrl":"https:\/\/ecole.bzh\/wp-content\/uploads\/2022\/03\/ecole_logoiconebaseline.png","width":1525,"height":329,"caption":"ecole.bzh"},"image":{"@id":"https:\/\/ecole.bzh\/br-fr\/#\/schema\/logo\/image\/"},"sameAs":["https:\/\/www.facebook.com\/ecole.bzh\/","https:\/\/twitter.com\/ecolebzh","https:\/\/www.instagram.com\/ecole.bzh\/","https:\/\/www.youtube.com\/channel\/UCNXbX1ZdR1ipL_Q_QiMziFQ"]}]}},"_links":{"self":[{"href":"https:\/\/ecole.bzh\/br-fr\/wp-json\/wp\/v2\/pages\/1945"}],"collection":[{"href":"https:\/\/ecole.bzh\/br-fr\/wp-json\/wp\/v2\/pages"}],"about":[{"href":"https:\/\/ecole.bzh\/br-fr\/wp-json\/wp\/v2\/types\/page"}],"author":[{"embeddable":true,"href":"https:\/\/ecole.bzh\/br-fr\/wp-json\/wp\/v2\/users\/1"}],"replies":[{"embeddable":true,"href":"https:\/\/ecole.bzh\/br-fr\/wp-json\/wp\/v2\/comments?post=1945"}],"version-history":[{"count":4,"href":"https:\/\/ecole.bzh\/br-fr\/wp-json\/wp\/v2\/pages\/1945\/revisions"}],"predecessor-version":[{"id":1949,"href":"https:\/\/ecole.bzh\/br-fr\/wp-json\/wp\/v2\/pages\/1945\/revisions\/1949"}],"wp:attachment":[{"href":"https:\/\/ecole.bzh\/br-fr\/wp-json\/wp\/v2\/media?parent=1945"}],"curies":[{"name":"wp","href":"https:\/\/api.w.org\/{rel}","templated":true}]}}