{"id":1658,"date":"2022-03-28T19:48:37","date_gmt":"2022-03-28T17:48:37","guid":{"rendered":"https:\/\/ecole.bzh\/doriou-digor\/"},"modified":"2023-03-01T12:58:19","modified_gmt":"2023-03-01T11:58:19","slug":"doriou-digor","status":"publish","type":"page","link":"https:\/\/ecole.bzh\/br-fr\/doriou-digor\/","title":{"rendered":"Dorio\u00f9 digor"},"content":{"rendered":"\t\t<div data-elementor-type=\"wp-page\" data-elementor-id=\"1658\" class=\"elementor elementor-1658 elementor-221\" data-elementor-post-type=\"page\">\n\t\t\t\t\t\t\t\t\t<section class=\"elementor-section elementor-top-section elementor-element elementor-element-315d10b elementor-section-height-min-height elementor-section-content-top elementor-section-full_width elementor-section-height-default elementor-section-items-middle\" data-id=\"315d10b\" data-element_type=\"section\" data-settings=\"{&quot;background_background&quot;:&quot;classic&quot;}\">\n\t\t\t\t\t\t<div class=\"elementor-container elementor-column-gap-no\">\n\t\t\t\t\t<div class=\"elementor-column elementor-col-100 elementor-top-column elementor-element elementor-element-28ef6a7\" data-id=\"28ef6a7\" data-element_type=\"column\" data-settings=\"{&quot;background_background&quot;:&quot;classic&quot;}\">\n\t\t\t<div class=\"elementor-widget-wrap elementor-element-populated\">\n\t\t\t\t\t\t\t\t<div class=\"elementor-element elementor-element-7cc174c elementor-widget elementor-widget-spacer\" data-id=\"7cc174c\" data-element_type=\"widget\" data-widget_type=\"spacer.default\">\n\t\t\t\t<div class=\"elementor-widget-container\">\n\t\t\t<style>\/*! elementor - v3.16.0 - 09-10-2023 *\/\n.elementor-column .elementor-spacer-inner{height:var(--spacer-size)}.e-con{--container-widget-width:100%}.e-con-inner>.elementor-widget-spacer,.e-con>.elementor-widget-spacer{width:var(--container-widget-width,var(--spacer-size));--align-self:var(--container-widget-align-self,initial);--flex-shrink:0}.e-con-inner>.elementor-widget-spacer>.elementor-widget-container,.e-con>.elementor-widget-spacer>.elementor-widget-container{height:100%;width:100%}.e-con-inner>.elementor-widget-spacer>.elementor-widget-container>.elementor-spacer,.e-con>.elementor-widget-spacer>.elementor-widget-container>.elementor-spacer{height:100%}.e-con-inner>.elementor-widget-spacer>.elementor-widget-container>.elementor-spacer>.elementor-spacer-inner,.e-con>.elementor-widget-spacer>.elementor-widget-container>.elementor-spacer>.elementor-spacer-inner{height:var(--container-widget-height,var(--spacer-size))}.e-con-inner>.elementor-widget-spacer.elementor-widget-empty,.e-con>.elementor-widget-spacer.elementor-widget-empty{position:relative;min-height:22px;min-width:22px}.e-con-inner>.elementor-widget-spacer.elementor-widget-empty .elementor-widget-empty-icon,.e-con>.elementor-widget-spacer.elementor-widget-empty .elementor-widget-empty-icon{position:absolute;top:0;bottom:0;left:0;right:0;margin:auto;padding:0;width:22px;height:22px}<\/style>\t\t<div class=\"elementor-spacer\">\n\t\t\t<div class=\"elementor-spacer-inner\"><\/div>\n\t\t<\/div>\n\t\t\t\t<\/div>\n\t\t\t\t<\/div>\n\t\t\t\t<div class=\"elementor-element elementor-element-c97364a elementor-absolute elementor-view-default elementor-widget elementor-widget-icon\" data-id=\"c97364a\" data-element_type=\"widget\" data-settings=\"{&quot;_position&quot;:&quot;absolute&quot;}\" data-widget_type=\"icon.default\">\n\t\t\t\t<div class=\"elementor-widget-container\">\n\t\t\t\t\t<div class=\"elementor-icon-wrapper\">\n\t\t\t<div class=\"elementor-icon\">\n\t\t\t<svg xmlns=\"http:\/\/www.w3.org\/2000\/svg\" xmlns:xlink=\"http:\/\/www.w3.org\/1999\/xlink\" id=\"Calque_1\" x=\"0px\" y=\"0px\" viewBox=\"0 0 500 500\" style=\"enable-background:new 0 0 500 500;\" xml:space=\"preserve\"><style type=\"text\/css\">\t.st0{fill:#FFFFFF;}<\/style><path class=\"st0\" d=\"M350.7,182.9l31.8,57.3c13.4,24.2-4.1,54-31.8,54l0,0c-27.7,0-45.2-29.8-31.8-54L350.7,182.9z\"><\/path><path class=\"st0\" d=\"M152.3,294.1c-27.7,0-45.2-29.8-31.8-54l31.8-57.3l31.8,57.3C197.5,264.4,180,294.1,152.3,294.1z\"><\/path><path class=\"st0\" d=\"M251.5,294.1l-31.8-57.3c-13.4-24.2,4.1-54,31.8-54s45.2,29.8,31.8,54L251.5,294.1z\"><\/path><\/svg>\t\t\t<\/div>\n\t\t<\/div>\n\t\t\t\t<\/div>\n\t\t\t\t<\/div>\n\t\t\t\t\t<\/div>\n\t\t<\/div>\n\t\t\t\t\t\t\t<\/div>\n\t\t<\/section>\n\t\t\t\t<section class=\"elementor-section elementor-top-section elementor-element elementor-element-f25b0e1 elementor-section-boxed elementor-section-height-default elementor-section-height-default\" data-id=\"f25b0e1\" data-element_type=\"section\">\n\t\t\t\t\t\t<div class=\"elementor-container elementor-column-gap-default\">\n\t\t\t\t\t<div class=\"elementor-column elementor-col-100 elementor-top-column elementor-element elementor-element-ad29dfc\" data-id=\"ad29dfc\" data-element_type=\"column\">\n\t\t\t<div class=\"elementor-widget-wrap elementor-element-populated\">\n\t\t\t\t\t\t\t\t<div class=\"elementor-element elementor-element-1c519a8 elementor-widget__width-initial elementor-widget elementor-widget-breadcrumbs\" data-id=\"1c519a8\" data-element_type=\"widget\" data-widget_type=\"breadcrumbs.default\">\n\t\t\t\t<div class=\"elementor-widget-container\">\n\t\t\t<link rel=\"stylesheet\" href=\"https:\/\/ecole.bzh\/wp-content\/plugins\/elementor-pro\/assets\/css\/widget-theme-elements.min.css\"><p id=\"breadcrumbs\"><span><span><a href=\"https:\/\/ecole.bzh\/br-fr\/\">Accueil<\/a><\/span><\/span><\/p>\t\t<\/div>\n\t\t\t\t<\/div>\n\t\t\t\t\t<\/div>\n\t\t<\/div>\n\t\t\t\t\t\t\t<\/div>\n\t\t<\/section>\n\t\t\t\t<section class=\"elementor-section elementor-top-section elementor-element elementor-element-9dcb921 elementor-section-boxed elementor-section-height-default elementor-section-height-default\" data-id=\"9dcb921\" data-element_type=\"section\">\n\t\t\t\t\t\t<div class=\"elementor-container elementor-column-gap-default\">\n\t\t\t\t\t<div class=\"elementor-column elementor-col-100 elementor-top-column elementor-element elementor-element-3c985c4\" data-id=\"3c985c4\" data-element_type=\"column\">\n\t\t\t<div class=\"elementor-widget-wrap elementor-element-populated\">\n\t\t\t\t\t\t\t\t<div class=\"elementor-element elementor-element-5396f4d elementor-widget elementor-widget-heading\" data-id=\"5396f4d\" data-element_type=\"widget\" data-widget_type=\"heading.default\">\n\t\t\t\t<div class=\"elementor-widget-container\">\n\t\t\t<style>\/*! elementor - v3.16.0 - 09-10-2023 *\/\n.elementor-heading-title{padding:0;margin:0;line-height:1}.elementor-widget-heading .elementor-heading-title[class*=elementor-size-]>a{color:inherit;font-size:inherit;line-height:inherit}.elementor-widget-heading .elementor-heading-title.elementor-size-small{font-size:15px}.elementor-widget-heading .elementor-heading-title.elementor-size-medium{font-size:19px}.elementor-widget-heading .elementor-heading-title.elementor-size-large{font-size:29px}.elementor-widget-heading .elementor-heading-title.elementor-size-xl{font-size:39px}.elementor-widget-heading .elementor-heading-title.elementor-size-xxl{font-size:59px}<\/style><h1 class=\"elementor-heading-title elementor-size-default\">Dorio\u00f9 digor<\/h1>\t\t<\/div>\n\t\t\t\t<\/div>\n\t\t\t\t<div class=\"elementor-element elementor-element-3079ab3 elementor-widget elementor-widget-heading\" data-id=\"3079ab3\" data-element_type=\"widget\" data-widget_type=\"heading.default\">\n\t\t\t\t<div class=\"elementor-widget-container\">\n\t\t\t<h2 class=\"elementor-heading-title elementor-size-default\">Daoust ha dorio\u00f9 digor a vez aozet gant ar skol a zedenn ac\u2019hanoc\u2019h ? Pevare e vezont aozet ?<\/h2>\t\t<\/div>\n\t\t\t\t<\/div>\n\t\t\t\t<div class=\"elementor-element elementor-element-9bcff06 elementor-widget elementor-widget-text-editor\" data-id=\"9bcff06\" data-element_type=\"widget\" data-widget_type=\"text-editor.default\">\n\t\t\t\t<div class=\"elementor-widget-container\">\n\t\t\t<style>\/*! elementor - v3.16.0 - 09-10-2023 *\/\n.elementor-widget-text-editor.elementor-drop-cap-view-stacked .elementor-drop-cap{background-color:#69727d;color:#fff}.elementor-widget-text-editor.elementor-drop-cap-view-framed .elementor-drop-cap{color:#69727d;border:3px solid;background-color:transparent}.elementor-widget-text-editor:not(.elementor-drop-cap-view-default) .elementor-drop-cap{margin-top:8px}.elementor-widget-text-editor:not(.elementor-drop-cap-view-default) .elementor-drop-cap-letter{width:1em;height:1em}.elementor-widget-text-editor .elementor-drop-cap{float:left;text-align:center;line-height:1;font-size:50px}.elementor-widget-text-editor .elementor-drop-cap-letter{display:inline-block}<\/style>\t\t\t\t<p>Kavit deiziado\u00f9 abadenno\u00f9 dorio\u00f9 digor er skolio\u00f9 brezhonek war ar bajenn-ma\u00f1 gant skoazell ar gartenn etreoberiat, ar varrenn enklask hag an deiziadur.<\/p>\n\t\t\t\t\t\t<\/div>\n\t\t\t\t<\/div>\n\t\t\t\t<div class=\"elementor-element elementor-element-52ac355 elementor-widget elementor-widget-heading\" data-id=\"52ac355\" data-element_type=\"widget\" data-widget_type=\"heading.default\">\n\t\t\t\t<div class=\"elementor-widget-container\">\n\t\t\t<h2 class=\"elementor-heading-title elementor-size-default\">Ne gavit ket ar skol a zedenn ac\u2019hanoc\u2019h en hon deiziataer ? C\u2019hwitet ho peus dorio\u00f9 digor ar skol a a zedenn ac\u2019hanoc\u2019h ?<\/h2>\t\t<\/div>\n\t\t\t\t<\/div>\n\t\t\t\t<div class=\"elementor-element elementor-element-78589c6 elementor-widget elementor-widget-text-editor\" data-id=\"78589c6\" data-element_type=\"widget\" data-widget_type=\"text-editor.default\">\n\t\t\t\t<div class=\"elementor-widget-container\">\n\t\t\t\t\t\t\t<p>Bezit dizaon, ha pa vefe tremenet devezh an dorio\u00f9 digor dija, n\u2019eo ket re ziwezhat evit keja\u00f1 gant ar skipailh pedagogel. Kit e darempred war-eeun gant ar skol gant an titouro\u00f9 a zo war <a href=\"https:\/\/ecole.bzh\/br-fr\/kavour-ur-skol\/\">gartenn ar skolio\u00f9 war ar bajenn &#8220;kavout ur skol&#8221;<\/a>.<\/p>\n\t\t\t\t\t\t<\/div>\n\t\t\t\t<\/div>\n\t\t\t\t<div class=\"elementor-element elementor-element-dda7a10 elementor-absolute elementor-view-default elementor-widget elementor-widget-icon\" data-id=\"dda7a10\" data-element_type=\"widget\" data-settings=\"{&quot;_position&quot;:&quot;absolute&quot;}\" data-widget_type=\"icon.default\">\n\t\t\t\t<div class=\"elementor-widget-container\">\n\t\t\t\t\t<div class=\"elementor-icon-wrapper\">\n\t\t\t<div class=\"elementor-icon\">\n\t\t\t<svg xmlns=\"http:\/\/www.w3.org\/2000\/svg\" xmlns:xlink=\"http:\/\/www.w3.org\/1999\/xlink\" id=\"Calque_1\" x=\"0px\" y=\"0px\" viewBox=\"0 0 500 500\" style=\"enable-background:new 0 0 500 500;\" xml:space=\"preserve\"><style type=\"text\/css\">\t.st0{fill:#FFFFFF;}<\/style><path class=\"st0\" d=\"M350.7,182.9l31.8,57.3c13.4,24.2-4.1,54-31.8,54l0,0c-27.7,0-45.2-29.8-31.8-54L350.7,182.9z\"><\/path><path class=\"st0\" d=\"M152.3,294.1c-27.7,0-45.2-29.8-31.8-54l31.8-57.3l31.8,57.3C197.5,264.4,180,294.1,152.3,294.1z\"><\/path><path class=\"st0\" d=\"M251.5,294.1l-31.8-57.3c-13.4-24.2,4.1-54,31.8-54s45.2,29.8,31.8,54L251.5,294.1z\"><\/path><\/svg>\t\t\t<\/div>\n\t\t<\/div>\n\t\t\t\t<\/div>\n\t\t\t\t<\/div>\n\t\t\t\t\t<\/div>\n\t\t<\/div>\n\t\t\t\t\t\t\t<\/div>\n\t\t<\/section>\n\t\t\t\t<section class=\"elementor-section elementor-top-section elementor-element elementor-element-5ade45e elementor-section-boxed elementor-section-height-default elementor-section-height-default\" data-id=\"5ade45e\" data-element_type=\"section\">\n\t\t\t\t\t\t<div class=\"elementor-container elementor-column-gap-default\">\n\t\t\t\t\t<div class=\"elementor-column elementor-col-66 elementor-top-column elementor-element elementor-element-e05c617\" data-id=\"e05c617\" data-element_type=\"column\">\n\t\t\t<div class=\"elementor-widget-wrap elementor-element-populated\">\n\t\t\t\t\t\t\t\t<div class=\"elementor-element elementor-element-021fa4e elementor-widget elementor-widget-html\" data-id=\"021fa4e\" data-element_type=\"widget\" data-widget_type=\"html.default\">\n\t\t\t\t<div class=\"elementor-widget-container\">\n\t\t\t<p><iframe style=\"width:100%;\" frameborder=\"0\" scrolling=\"no\" allowtransparency=\"allowtransparency\" class=\"cibulFrame cbpgbdy\" data-oabdy=\"\" src=\"\/\/openagenda.com\/agendas\/73154642\/embeds\/44406904\/events?lang=br\" data-lang=\"br\"><\/iframe><script type=\"text\/javascript\" src=\"\/\/openagenda.com\/js\/embed\/cibulBodyWidget.js\"><\/script><\/p>\n\t\t<\/div>\n\t\t\t\t<\/div>\n\t\t\t\t\t<\/div>\n\t\t<\/div>\n\t\t\t\t<div class=\"elementor-column elementor-col-33 elementor-top-column elementor-element elementor-element-e5d9f2b\" data-id=\"e5d9f2b\" data-element_type=\"column\">\n\t\t\t<div class=\"elementor-widget-wrap elementor-element-populated\">\n\t\t\t\t\t\t\t\t<div class=\"elementor-element elementor-element-6e11f29 elementor-widget elementor-widget-html\" data-id=\"6e11f29\" data-element_type=\"widget\" data-widget_type=\"html.default\">\n\t\t\t\t<div class=\"elementor-widget-container\">\n\t\t\t<div class=\"cbpgmp cibulMap\" data-oamp=\"\" data-cbctl=\"73154642\/44406904\" data-lang=\"br\"><\/div>\n<p><script type=\"text\/javascript\" src=\"\/\/openagenda.com\/js\/embed\/cibulMapWidget.js\"><\/script><\/p>\n\t\t<\/div>\n\t\t\t\t<\/div>\n\t\t\t\t<div class=\"elementor-element elementor-element-b3ead09 elementor-widget elementor-widget-html\" data-id=\"b3ead09\" data-element_type=\"widget\" data-widget_type=\"html.default\">\n\t\t\t\t<div class=\"elementor-widget-container\">\n\t\t\t<div class=\"cbpgsc cibulSearch\" data-oasc=\"\" data-cbctl=\"73154642\/44406904|br\" data-lang=\"br\"><\/div>\n<p><script type=\"text\/javascript\" src=\"\/\/openagenda.com\/js\/embed\/cibulSearchWidget.js\"><\/script><\/p>\n\t\t<\/div>\n\t\t\t\t<\/div>\n\t\t\t\t<div class=\"elementor-element elementor-element-0e738a1 elementor-widget elementor-widget-html\" data-id=\"0e738a1\" data-element_type=\"widget\" data-widget_type=\"html.default\">\n\t\t\t\t<div class=\"elementor-widget-container\">\n\t\t\t<div class=\"cbpgcl cibulCalendar\" data-oacl=\"\" data-cbctl=\"73154642\/44406904|br\" data-lang=\"br\"><\/div>\n<p><script type=\"text\/javascript\" src=\"\/\/openagenda.com\/js\/embed\/cibulCalendarWidget.js\"><\/script><\/p>\n\t\t<\/div>\n\t\t\t\t<\/div>\n\t\t\t\t\t<\/div>\n\t\t<\/div>\n\t\t\t\t\t\t\t<\/div>\n\t\t<\/section>\n\t\t\t\t\t\t\t<\/div>\n\t\t","protected":false},"excerpt":{"rendered":"<p>Dorio\u00f9 digor Daoust ha dorio\u00f9 digor a vez aozet gant ar skol a zedenn ac\u2019hanoc\u2019h ? Pevare e vezont aozet ? Kavit deiziado\u00f9 abadenno\u00f9 dorio\u00f9 digor er skolio\u00f9 brezhonek war ar bajenn-ma\u00f1 gant skoazell ar gartenn etreoberiat, ar varrenn enklask hag an deiziadur. Ne gavit ket ar skol a zedenn ac\u2019hanoc\u2019h en hon deiziataer ? [&hellip;]<\/p>\n","protected":false},"author":1,"featured_media":3077,"parent":0,"menu_order":0,"comment_status":"closed","ping_status":"closed","template":"","meta":{"footnotes":""},"acf":[],"yoast_head":"<!-- This site is optimized with the Yoast SEO plugin v21.5 - https:\/\/yoast.com\/wordpress\/plugins\/seo\/ -->\n<title>Dorio\u00f9 digor - Ecole.bzh<\/title>\n<meta name=\"description\" content=\"Evit an distro-skol, kejit gant kelennerien ur skol e brezhoneg : deiziadur an dorio\u00f9 digor e Diwan Div Yezh ha Divaskell!\" \/>\n<meta name=\"robots\" content=\"index, follow, max-snippet:-1, max-image-preview:large, max-video-preview:-1\" \/>\n<link rel=\"canonical\" href=\"https:\/\/ecole.bzh\/br-fr\/doriou-digor\/\" \/>\n<meta property=\"og:locale\" content=\"br_FR\" \/>\n<meta property=\"og:type\" content=\"article\" \/>\n<meta property=\"og:title\" content=\"Dorio\u00f9 digor - Ecole.bzh\" \/>\n<meta property=\"og:description\" content=\"Evit an distro-skol, kejit gant kelennerien ur skol e brezhoneg : deiziadur an dorio\u00f9 digor e Diwan Div Yezh ha Divaskell!\" \/>\n<meta property=\"og:url\" content=\"https:\/\/ecole.bzh\/br-fr\/doriou-digor\/\" \/>\n<meta property=\"og:site_name\" content=\"Ecole.bzh\" \/>\n<meta property=\"article:publisher\" content=\"https:\/\/www.facebook.com\/ecole.bzh\/\" \/>\n<meta property=\"article:modified_time\" content=\"2023-03-01T11:58:19+00:00\" \/>\n<meta property=\"og:image\" content=\"https:\/\/ecole.bzh\/wp-content\/uploads\/2022\/11\/RS-doriou-digor.jpg\" \/>\n\t<meta property=\"og:image:width\" content=\"2250\" \/>\n\t<meta property=\"og:image:height\" content=\"2250\" \/>\n\t<meta property=\"og:image:type\" content=\"image\/jpeg\" \/>\n<meta name=\"twitter:card\" content=\"summary_large_image\" \/>\n<meta name=\"twitter:site\" content=\"@ecolebzh\" \/>\n<meta name=\"twitter:label1\" content=\"Est. reading time\" \/>\n\t<meta name=\"twitter:data1\" content=\"3 minutes\" \/>\n<script type=\"application\/ld+json\" class=\"yoast-schema-graph\">{\"@context\":\"https:\/\/schema.org\",\"@graph\":[{\"@type\":\"WebPage\",\"@id\":\"https:\/\/ecole.bzh\/br-fr\/doriou-digor\/\",\"url\":\"https:\/\/ecole.bzh\/br-fr\/doriou-digor\/\",\"name\":\"Dorio\u00f9 digor - Ecole.bzh\",\"isPartOf\":{\"@id\":\"https:\/\/ecole.bzh\/br-fr\/#website\"},\"datePublished\":\"2022-03-28T17:48:37+00:00\",\"dateModified\":\"2023-03-01T11:58:19+00:00\",\"description\":\"Evit an distro-skol, kejit gant kelennerien ur skol e brezhoneg : deiziadur an dorio\u00f9 digor e Diwan Div Yezh ha Divaskell!\",\"breadcrumb\":{\"@id\":\"https:\/\/ecole.bzh\/br-fr\/doriou-digor\/#breadcrumb\"},\"inLanguage\":\"br-FR\",\"potentialAction\":[{\"@type\":\"ReadAction\",\"target\":[\"https:\/\/ecole.bzh\/br-fr\/doriou-digor\/\"]}]},{\"@type\":\"BreadcrumbList\",\"@id\":\"https:\/\/ecole.bzh\/br-fr\/doriou-digor\/#breadcrumb\",\"itemListElement\":[{\"@type\":\"ListItem\",\"position\":1,\"name\":\"Accueil\",\"item\":\"https:\/\/ecole.bzh\/br-fr\/\"},{\"@type\":\"ListItem\",\"position\":2,\"name\":\"Dorio\u00f9 digor\"}]},{\"@type\":\"WebSite\",\"@id\":\"https:\/\/ecole.bzh\/br-fr\/#website\",\"url\":\"https:\/\/ecole.bzh\/br-fr\/\",\"name\":\"Ecole.bzh\",\"description\":\"L&#039;\u00e9cole en breton\",\"publisher\":{\"@id\":\"https:\/\/ecole.bzh\/br-fr\/#organization\"},\"potentialAction\":[{\"@type\":\"SearchAction\",\"target\":{\"@type\":\"EntryPoint\",\"urlTemplate\":\"https:\/\/ecole.bzh\/br-fr\/?s={search_term_string}\"},\"query-input\":\"required name=search_term_string\"}],\"inLanguage\":\"br-FR\"},{\"@type\":\"Organization\",\"@id\":\"https:\/\/ecole.bzh\/br-fr\/#organization\",\"name\":\"ecole.bzh\",\"url\":\"https:\/\/ecole.bzh\/br-fr\/\",\"logo\":{\"@type\":\"ImageObject\",\"inLanguage\":\"br-FR\",\"@id\":\"https:\/\/ecole.bzh\/br-fr\/#\/schema\/logo\/image\/\",\"url\":\"https:\/\/ecole.bzh\/wp-content\/uploads\/2022\/03\/ecole_logoiconebaseline.png\",\"contentUrl\":\"https:\/\/ecole.bzh\/wp-content\/uploads\/2022\/03\/ecole_logoiconebaseline.png\",\"width\":1525,\"height\":329,\"caption\":\"ecole.bzh\"},\"image\":{\"@id\":\"https:\/\/ecole.bzh\/br-fr\/#\/schema\/logo\/image\/\"},\"sameAs\":[\"https:\/\/www.facebook.com\/ecole.bzh\/\",\"https:\/\/twitter.com\/ecolebzh\",\"https:\/\/www.instagram.com\/ecole.bzh\/\",\"https:\/\/www.youtube.com\/channel\/UCNXbX1ZdR1ipL_Q_QiMziFQ\"]}]}<\/script>\n<!-- \/ Yoast SEO plugin. -->","yoast_head_json":{"title":"Dorio\u00f9 digor - Ecole.bzh","description":"Evit an distro-skol, kejit gant kelennerien ur skol e brezhoneg : deiziadur an dorio\u00f9 digor e Diwan Div Yezh ha Divaskell!","robots":{"index":"index","follow":"follow","max-snippet":"max-snippet:-1","max-image-preview":"max-image-preview:large","max-video-preview":"max-video-preview:-1"},"canonical":"https:\/\/ecole.bzh\/br-fr\/doriou-digor\/","og_locale":"br_FR","og_type":"article","og_title":"Dorio\u00f9 digor - Ecole.bzh","og_description":"Evit an distro-skol, kejit gant kelennerien ur skol e brezhoneg : deiziadur an dorio\u00f9 digor e Diwan Div Yezh ha Divaskell!","og_url":"https:\/\/ecole.bzh\/br-fr\/doriou-digor\/","og_site_name":"Ecole.bzh","article_publisher":"https:\/\/www.facebook.com\/ecole.bzh\/","article_modified_time":"2023-03-01T11:58:19+00:00","og_image":[{"width":2250,"height":2250,"url":"https:\/\/ecole.bzh\/wp-content\/uploads\/2022\/11\/RS-doriou-digor.jpg","type":"image\/jpeg"}],"twitter_card":"summary_large_image","twitter_site":"@ecolebzh","twitter_misc":{"Est. reading time":"3 minutes"},"schema":{"@context":"https:\/\/schema.org","@graph":[{"@type":"WebPage","@id":"https:\/\/ecole.bzh\/br-fr\/doriou-digor\/","url":"https:\/\/ecole.bzh\/br-fr\/doriou-digor\/","name":"Dorio\u00f9 digor - Ecole.bzh","isPartOf":{"@id":"https:\/\/ecole.bzh\/br-fr\/#website"},"datePublished":"2022-03-28T17:48:37+00:00","dateModified":"2023-03-01T11:58:19+00:00","description":"Evit an distro-skol, kejit gant kelennerien ur skol e brezhoneg : deiziadur an dorio\u00f9 digor e Diwan Div Yezh ha Divaskell!","breadcrumb":{"@id":"https:\/\/ecole.bzh\/br-fr\/doriou-digor\/#breadcrumb"},"inLanguage":"br-FR","potentialAction":[{"@type":"ReadAction","target":["https:\/\/ecole.bzh\/br-fr\/doriou-digor\/"]}]},{"@type":"BreadcrumbList","@id":"https:\/\/ecole.bzh\/br-fr\/doriou-digor\/#breadcrumb","itemListElement":[{"@type":"ListItem","position":1,"name":"Accueil","item":"https:\/\/ecole.bzh\/br-fr\/"},{"@type":"ListItem","position":2,"name":"Dorio\u00f9 digor"}]},{"@type":"WebSite","@id":"https:\/\/ecole.bzh\/br-fr\/#website","url":"https:\/\/ecole.bzh\/br-fr\/","name":"Ecole.bzh","description":"L&#039;\u00e9cole en breton","publisher":{"@id":"https:\/\/ecole.bzh\/br-fr\/#organization"},"potentialAction":[{"@type":"SearchAction","target":{"@type":"EntryPoint","urlTemplate":"https:\/\/ecole.bzh\/br-fr\/?s={search_term_string}"},"query-input":"required name=search_term_string"}],"inLanguage":"br-FR"},{"@type":"Organization","@id":"https:\/\/ecole.bzh\/br-fr\/#organization","name":"ecole.bzh","url":"https:\/\/ecole.bzh\/br-fr\/","logo":{"@type":"ImageObject","inLanguage":"br-FR","@id":"https:\/\/ecole.bzh\/br-fr\/#\/schema\/logo\/image\/","url":"https:\/\/ecole.bzh\/wp-content\/uploads\/2022\/03\/ecole_logoiconebaseline.png","contentUrl":"https:\/\/ecole.bzh\/wp-content\/uploads\/2022\/03\/ecole_logoiconebaseline.png","width":1525,"height":329,"caption":"ecole.bzh"},"image":{"@id":"https:\/\/ecole.bzh\/br-fr\/#\/schema\/logo\/image\/"},"sameAs":["https:\/\/www.facebook.com\/ecole.bzh\/","https:\/\/twitter.com\/ecolebzh","https:\/\/www.instagram.com\/ecole.bzh\/","https:\/\/www.youtube.com\/channel\/UCNXbX1ZdR1ipL_Q_QiMziFQ"]}]}},"_links":{"self":[{"href":"https:\/\/ecole.bzh\/br-fr\/wp-json\/wp\/v2\/pages\/1658"}],"collection":[{"href":"https:\/\/ecole.bzh\/br-fr\/wp-json\/wp\/v2\/pages"}],"about":[{"href":"https:\/\/ecole.bzh\/br-fr\/wp-json\/wp\/v2\/types\/page"}],"author":[{"embeddable":true,"href":"https:\/\/ecole.bzh\/br-fr\/wp-json\/wp\/v2\/users\/1"}],"replies":[{"embeddable":true,"href":"https:\/\/ecole.bzh\/br-fr\/wp-json\/wp\/v2\/comments?post=1658"}],"version-history":[{"count":47,"href":"https:\/\/ecole.bzh\/br-fr\/wp-json\/wp\/v2\/pages\/1658\/revisions"}],"predecessor-version":[{"id":3423,"href":"https:\/\/ecole.bzh\/br-fr\/wp-json\/wp\/v2\/pages\/1658\/revisions\/3423"}],"wp:featuredmedia":[{"embeddable":true,"href":"https:\/\/ecole.bzh\/br-fr\/wp-json\/wp\/v2\/media\/3077"}],"wp:attachment":[{"href":"https:\/\/ecole.bzh\/br-fr\/wp-json\/wp\/v2\/media?parent=1658"}],"curies":[{"name":"wp","href":"https:\/\/api.w.org\/{rel}","templated":true}]}}